{"id":172,"date":"2021-09-02T14:37:13","date_gmt":"2021-09-02T14:37:13","guid":{"rendered":"https:\/\/konstantinkrimmel.com\/?page_id=172"},"modified":"2024-12-14T10:59:21","modified_gmt":"2024-12-14T09:59:21","slug":"impressum","status":"publish","type":"page","link":"https:\/\/konstantinkrimmel.com\/en\/impressum\/","title":{"rendered":"Legal notice"},"content":{"rendered":"<p>[et_pb_section fb_built=&#8220;1&#8243; fullwidth=&#8220;on&#8220; _builder_version=&#8220;4.10.3&#8243; _module_preset=&#8220;default&#8220; height_tablet=&#8220;&#8220; height_phone=&#8220;&#8220; height_last_edited=&#8220;on|phone&#8220; global_module=&#8220;329&#8243; global_colors_info=&#8220;{}&#8220;][et_pb_fullwidth_header _builder_version=&#8220;4.16&#8243; _module_preset=&#8220;default&#8220; title_font=&#8220;Bodoni Moda||||||||&#8220; title_text_align=&#8220;center&#8220; title_font_size=&#8220;64px&#8220; title_line_height=&#8220;3em&#8220; background_enable_color=&#8220;off&#8220; background_image=&#8220;https:\/\/konstantinkrimmel.com\/wp-content\/uploads\/2021\/10\/Konstantin-Krimmel_Header-scaled.jpg&#8220; parallax=&#8220;on&#8220; parallax_method=&#8220;on&#8220; height=&#8220;638px&#8220; global_colors_info=&#8220;{}&#8220;][\/et_pb_fullwidth_header][\/et_pb_section][et_pb_section fb_built=&#8220;1&#8243; _builder_version=&#8220;4.16&#8243; _module_preset=&#8220;default&#8220; background_enable_color=&#8220;off&#8220; global_colors_info=&#8220;{}&#8220;][et_pb_row _builder_version=&#8220;4.16&#8243; _module_preset=&#8220;default&#8220; global_colors_info=&#8220;{}&#8220;][et_pb_column type=&#8220;4_4&#8243; _builder_version=&#8220;4.16&#8243; _module_preset=&#8220;default&#8220; global_colors_info=&#8220;{}&#8220;][et_pb_text _builder_version=&#8220;4.17.4&#8243; _module_preset=&#8220;default&#8220; header_font=&#8220;||||||||&#8220; header_text_align=&#8220;center&#8220; header_text_color=&#8220;#3E1914&#8243; header_font_size=&#8220;59px&#8220; global_colors_info=&#8220;{}&#8220;]<\/p>\n<h1>Konstantin Krimmel<\/h1>\n<p>[\/et_pb_text][dsm_text_divider header=&#8220;Kontakt&#8220; color=&#8220;#A41A2B&#8220; _builder_version=&#8220;4.17.4&#8243; _module_preset=&#8220;default&#8220; header_level=&#8220;h2&#8243; header_font=&#8220;||||||||&#8220; header_text_color=&#8220;#3E1914&#8243; header_font_size=&#8220;47px&#8220; custom_padding=&#8220;||26px|||&#8220; global_colors_info=&#8220;{}&#8220;][\/dsm_text_divider][\/et_pb_column][\/et_pb_row][et_pb_row column_structure=&#8220;1_5,3_5,1_5&#8243; admin_label=&#8220;Zeile&#8220; _builder_version=&#8220;4.16&#8243; _module_preset=&#8220;default&#8220; min_height=&#8220;121px&#8220; custom_padding=&#8220;1px|||||&#8220; global_colors_info=&#8220;{}&#8220;][et_pb_column type=&#8220;1_5&#8243; admin_label=&#8220;Spalte&#8220; _builder_version=&#8220;4.16&#8243; _module_preset=&#8220;default&#8220; global_colors_info=&#8220;{}&#8220;][\/et_pb_column][et_pb_column type=&#8220;3_5&#8243; admin_label=&#8220;Spalte&#8220; _builder_version=&#8220;4.16&#8243; _module_preset=&#8220;default&#8220; global_colors_info=&#8220;{}&#8220;][et_pb_text _builder_version=&#8220;4.27.4&#8243; _module_preset=&#8220;default&#8220; text_font=&#8220;||||||||&#8220; text_text_color=&#8220;#3E1914&#8243; text_font_size=&#8220;16px&#8220; text_line_height=&#8220;1em&#8220; hover_enabled=&#8220;0&#8243; global_colors_info=&#8220;{}&#8220; sticky_enabled=&#8220;0&#8243;]<\/p>\n<p style=\"text-align: center;\">Angaben gem\u00e4\u00df \u00a7 5 TMG<\/p>\n<p style=\"text-align: center;\">Konstantin Krimmel<\/p>\n<p style=\"text-align: center;\">S\u00e4nger, Bariton<\/p>\n<p style=\"text-align: center;\">Kontakt \u00fcber: K\u00fcnstlerSekretatiat am Gasteig oHG<\/p>\n<p style=\"text-align: center;\">Montgelasstra\u00dfe 2<\/p>\n<p style=\"text-align: center;\">81679 M\u00fcnchen<\/p>\n<p style=\"text-align: center;\">Kontakt<\/p>\n<p style=\"text-align: center;\">Telefon: +49 (0)89 4448879-0<\/p>\n<p style=\"text-align: center;\">E-Mail: info@konstantinkrimmel.com<\/p>\n<p style=\"text-align: center;\">Digitale Umsetzung und Webdesign<\/p>\n<p style=\"text-align: center;\"><a href=\"www.imageandcontent.de\">Alexandra Aschenbrenner &#8211; Image &amp; Content<\/a><\/p>\n<p style=\"text-align: center;\">\n<p style=\"text-align: center;\">Fotografien<\/p>\n<p style=\"text-align: center;\">Guido Werner<\/p>\n<p style=\"text-align: center;\">Maren Ulrich<\/p>\n<p style=\"text-align: center;\">Flo Huber Fotografie<\/p>\n<p style=\"text-align: center;\">Verbraucherstreitbeilegung\/Universalschlichtungsstelle<\/p>\n<p style=\"text-align: center;\">Wir sind nicht bereit oder verpflichtet, an Streitbeilegungsverfahren vor einer<\/p>\n<p style=\"text-align: center;\">Verbraucherschlichtungsstelle teilzunehmen.<\/p>\n<p style=\"text-align: center;\">Quelle:\u00a0<a href=\"https:\/\/www.e-recht24.de\/\">e-recht24.de<\/a><\/p>\n<p>[\/et_pb_text][\/et_pb_column][et_pb_column type=&#8220;1_5&#8243; admin_label=&#8220;Spalte&#8220; _builder_version=&#8220;4.16&#8243; _module_preset=&#8220;default&#8220; global_colors_info=&#8220;{}&#8220;][\/et_pb_column][\/et_pb_row][\/et_pb_section]<\/p>\n","protected":false},"excerpt":{"rendered":"<p>Konstantin Krimmel<div class=\"et_pb_module dsm_text_divider dsm_text_divider_0\">\n\t\t\t\t\n\t\t\t\t\n\t\t\t\t\n\t\t\t\t\n\t\t\t\t\n\t\t\t\t\n\t\t\t\t<div class=\"et_pb_module_inner\">\n\t\t\t\t\t<div class=\"dsm-text-divider-wrapper dsm-text-divider-align-center et_pb_bg_layout_light\">\n\t\t\t\t\n\t\t\t\t\n\t\t\t\t<div class=\"dsm-text-divider-before dsm-divider\"><\/div>\n\t\t\t\t<h2 class=\"dsm-text-divider-header et_pb_module_header\"><span>Contact<\/span><\/h2>\n\t\t\t\t<div class=\"dsm-text-divider-after dsm-divider\"><\/div>\n\t\t\t<\/div>\n\t\t\t\t<\/div>\n\t\t\t<\/div>Angaben gem\u00e4\u00df \u00a7 5 TMG Konstantin Krimmel S\u00e4nger, Bariton Kontakt \u00fcber: K\u00fcnstlerSekretatiat am Gasteig oHG Montgelasstra\u00dfe 2 81679 M\u00fcnchen Kontakt Telefon: +49 (0)89 4448879-0 E-Mail: info@konstantinkrimmel.com Digitale Umsetzung und Webdesign Alexandra Aschenbrenner &#8211; Image &amp; Content Fotografien Guido Werner Maren Ulrich Flo Huber Fotografie Verbraucherstreitbeilegung\/Universalschlichtungsstelle Wir sind nicht bereit oder verpflichtet, an Streitbeilegungsverfahren vor einer Verbraucherschlichtungsstelle teilzunehmen. Quelle:\u00a0e-recht24.de<\/p>","protected":false},"author":1,"featured_media":0,"parent":0,"menu_order":0,"comment_status":"closed","ping_status":"closed","template":"","meta":{"_et_pb_use_builder":"on","_et_pb_old_content":"","_et_gb_content_width":"","footnotes":""},"class_list":["post-172","page","type-page","status-publish","hentry"],"yoast_head":"<!-- This site is optimized with the Yoast SEO plugin v27.3 - https:\/\/yoast.com\/product\/yoast-seo-wordpress\/ -->\n<title>Impressum - Konstantin Krimmel<\/title>\n<meta name=\"description\" content=\"Konstantin Krimmel: Krimmel ist Bariton, Opern- und Lieds\u00e4nger und aktuell Mitglied der Bayrischen Staatsoper.\" \/>\n<meta name=\"robots\" content=\"index, follow, max-snippet:-1, max-image-preview:large, max-video-preview:-1\" \/>\n<link rel=\"canonical\" href=\"https:\/\/konstantinkrimmel.com\/en\/impressum\/\" \/>\n<meta property=\"og:locale\" content=\"en_GB\" \/>\n<meta property=\"og:type\" content=\"article\" \/>\n<meta property=\"og:title\" content=\"Impressum - Konstantin Krimmel\" \/>\n<meta property=\"og:description\" content=\"Konstantin Krimmel: Krimmel ist Bariton, Opern- und Lieds\u00e4nger und aktuell Mitglied der Bayrischen Staatsoper.\" \/>\n<meta property=\"og:url\" content=\"https:\/\/konstantinkrimmel.com\/en\/impressum\/\" \/>\n<meta property=\"og:site_name\" content=\"Konstantin Krimmel\" \/>\n<meta property=\"article:modified_time\" content=\"2024-12-14T09:59:21+00:00\" \/>\n<meta name=\"twitter:card\" content=\"summary_large_image\" \/>\n<meta name=\"twitter:label1\" content=\"Estimated reading time\" \/>\n\t<meta name=\"twitter:data1\" content=\"1 minute\" \/>\n<script type=\"application\/ld+json\" class=\"yoast-schema-graph\">{\"@context\":\"https:\\\/\\\/schema.org\",\"@graph\":[{\"@type\":\"WebPage\",\"@id\":\"https:\\\/\\\/konstantinkrimmel.com\\\/impressum\\\/\",\"url\":\"https:\\\/\\\/konstantinkrimmel.com\\\/impressum\\\/\",\"name\":\"Impressum - Konstantin Krimmel\",\"isPartOf\":{\"@id\":\"https:\\\/\\\/konstantinkrimmel.com\\\/#website\"},\"datePublished\":\"2021-09-02T14:37:13+00:00\",\"dateModified\":\"2024-12-14T09:59:21+00:00\",\"description\":\"Konstantin Krimmel: Krimmel ist Bariton, Opern- und Lieds\u00e4nger und aktuell Mitglied der Bayrischen Staatsoper.\",\"breadcrumb\":{\"@id\":\"https:\\\/\\\/konstantinkrimmel.com\\\/impressum\\\/#breadcrumb\"},\"inLanguage\":\"en-GB\",\"potentialAction\":[{\"@type\":\"ReadAction\",\"target\":[\"https:\\\/\\\/konstantinkrimmel.com\\\/impressum\\\/\"]}]},{\"@type\":\"BreadcrumbList\",\"@id\":\"https:\\\/\\\/konstantinkrimmel.com\\\/impressum\\\/#breadcrumb\",\"itemListElement\":[{\"@type\":\"ListItem\",\"position\":1,\"name\":\"Startseite\",\"item\":\"https:\\\/\\\/konstantinkrimmel.com\\\/\"},{\"@type\":\"ListItem\",\"position\":2,\"name\":\"Impressum\"}]},{\"@type\":\"WebSite\",\"@id\":\"https:\\\/\\\/konstantinkrimmel.com\\\/#website\",\"url\":\"https:\\\/\\\/konstantinkrimmel.com\\\/\",\"name\":\"Konstantin Krimmel\",\"description\":\"Opera Singer | Bariton\",\"potentialAction\":[{\"@type\":\"SearchAction\",\"target\":{\"@type\":\"EntryPoint\",\"urlTemplate\":\"https:\\\/\\\/konstantinkrimmel.com\\\/?s={search_term_string}\"},\"query-input\":{\"@type\":\"PropertyValueSpecification\",\"valueRequired\":true,\"valueName\":\"search_term_string\"}}],\"inLanguage\":\"en-GB\"}]}<\/script>\n<!-- \/ Yoast SEO plugin. -->","yoast_head_json":{"title":"Impressum - Konstantin Krimmel","description":"Konstantin Krimmel: Krimmel ist Bariton, Opern- und Lieds\u00e4nger und aktuell Mitglied der Bayrischen Staatsoper.","robots":{"index":"index","follow":"follow","max-snippet":"max-snippet:-1","max-image-preview":"max-image-preview:large","max-video-preview":"max-video-preview:-1"},"canonical":"https:\/\/konstantinkrimmel.com\/en\/impressum\/","og_locale":"en_GB","og_type":"article","og_title":"Impressum - Konstantin Krimmel","og_description":"Konstantin Krimmel: Krimmel ist Bariton, Opern- und Lieds\u00e4nger und aktuell Mitglied der Bayrischen Staatsoper.","og_url":"https:\/\/konstantinkrimmel.com\/en\/impressum\/","og_site_name":"Konstantin Krimmel","article_modified_time":"2024-12-14T09:59:21+00:00","twitter_card":"summary_large_image","twitter_misc":{"Estimated reading time":"1 minute"},"schema":{"@context":"https:\/\/schema.org","@graph":[{"@type":"WebPage","@id":"https:\/\/konstantinkrimmel.com\/impressum\/","url":"https:\/\/konstantinkrimmel.com\/impressum\/","name":"Impressum - Konstantin Krimmel","isPartOf":{"@id":"https:\/\/konstantinkrimmel.com\/#website"},"datePublished":"2021-09-02T14:37:13+00:00","dateModified":"2024-12-14T09:59:21+00:00","description":"Konstantin Krimmel: Krimmel ist Bariton, Opern- und Lieds\u00e4nger und aktuell Mitglied der Bayrischen Staatsoper.","breadcrumb":{"@id":"https:\/\/konstantinkrimmel.com\/impressum\/#breadcrumb"},"inLanguage":"en-GB","potentialAction":[{"@type":"ReadAction","target":["https:\/\/konstantinkrimmel.com\/impressum\/"]}]},{"@type":"BreadcrumbList","@id":"https:\/\/konstantinkrimmel.com\/impressum\/#breadcrumb","itemListElement":[{"@type":"ListItem","position":1,"name":"Startseite","item":"https:\/\/konstantinkrimmel.com\/"},{"@type":"ListItem","position":2,"name":"Impressum"}]},{"@type":"WebSite","@id":"https:\/\/konstantinkrimmel.com\/#website","url":"https:\/\/konstantinkrimmel.com\/","name":"Konstantin Krimmel","description":"Opera Singer | Bariton","potentialAction":[{"@type":"SearchAction","target":{"@type":"EntryPoint","urlTemplate":"https:\/\/konstantinkrimmel.com\/?s={search_term_string}"},"query-input":{"@type":"PropertyValueSpecification","valueRequired":true,"valueName":"search_term_string"}}],"inLanguage":"en-GB"}]}},"_links":{"self":[{"href":"https:\/\/konstantinkrimmel.com\/en\/wp-json\/wp\/v2\/pages\/172","targetHints":{"allow":["GET"]}}],"collection":[{"href":"https:\/\/konstantinkrimmel.com\/en\/wp-json\/wp\/v2\/pages"}],"about":[{"href":"https:\/\/konstantinkrimmel.com\/en\/wp-json\/wp\/v2\/types\/page"}],"author":[{"embeddable":true,"href":"https:\/\/konstantinkrimmel.com\/en\/wp-json\/wp\/v2\/users\/1"}],"replies":[{"embeddable":true,"href":"https:\/\/konstantinkrimmel.com\/en\/wp-json\/wp\/v2\/comments?post=172"}],"version-history":[{"count":0,"href":"https:\/\/konstantinkrimmel.com\/en\/wp-json\/wp\/v2\/pages\/172\/revisions"}],"wp:attachment":[{"href":"https:\/\/konstantinkrimmel.com\/en\/wp-json\/wp\/v2\/media?parent=172"}],"curies":[{"name":"wp","href":"https:\/\/api.w.org\/{rel}","templated":true}]}}