{"id":131,"date":"2021-08-16T13:01:44","date_gmt":"2021-08-16T13:01:44","guid":{"rendered":"https:\/\/konstantinkrimmel.com\/?page_id=131"},"modified":"2024-07-07T17:34:14","modified_gmt":"2024-07-07T15:34:14","slug":"kontakt","status":"publish","type":"page","link":"https:\/\/konstantinkrimmel.com\/en\/kontakt\/","title":{"rendered":"Contact"},"content":{"rendered":"<p>[et_pb_section fb_built=&#8220;1&#8243; fullwidth=&#8220;on&#8220; _builder_version=&#8220;4.10.3&#8243; _module_preset=&#8220;default&#8220; height_tablet=&#8220;&#8220; height_phone=&#8220;&#8220; height_last_edited=&#8220;on|phone&#8220; global_module=&#8220;329&#8243; global_colors_info=&#8220;{}&#8220;][et_pb_fullwidth_header _builder_version=&#8220;4.16&#8243; _module_preset=&#8220;default&#8220; title_font=&#8220;Bodoni Moda||||||||&#8220; title_text_align=&#8220;center&#8220; title_font_size=&#8220;64px&#8220; title_line_height=&#8220;3em&#8220; background_enable_color=&#8220;off&#8220; background_image=&#8220;https:\/\/konstantinkrimmel.com\/wp-content\/uploads\/2021\/10\/Konstantin-Krimmel_Header-scaled.jpg&#8220; parallax=&#8220;on&#8220; parallax_method=&#8220;on&#8220; height=&#8220;638px&#8220; global_colors_info=&#8220;{}&#8220;][\/et_pb_fullwidth_header][\/et_pb_section][et_pb_section fb_built=&#8220;1&#8243; _builder_version=&#8220;4.16&#8243; _module_preset=&#8220;default&#8220; background_enable_color=&#8220;off&#8220; global_colors_info=&#8220;{}&#8220;][et_pb_row _builder_version=&#8220;4.16&#8243; _module_preset=&#8220;default&#8220; global_colors_info=&#8220;{}&#8220;][et_pb_column type=&#8220;4_4&#8243; _builder_version=&#8220;4.16&#8243; _module_preset=&#8220;default&#8220; global_colors_info=&#8220;{}&#8220;][et_pb_text _builder_version=&#8220;4.17.4&#8243; _module_preset=&#8220;default&#8220; header_font=&#8220;||||||||&#8220; header_text_align=&#8220;center&#8220; header_text_color=&#8220;#3E1914&#8243; header_font_size=&#8220;59px&#8220; global_colors_info=&#8220;{}&#8220;]<\/p>\n<h1>Konstantin Krimmel<\/h1>\n<p>[\/et_pb_text][dsm_text_divider header=&#8220;Kontakt&#8220; color=&#8220;#A41A2B&#8220; _builder_version=&#8220;4.17.4&#8243; _module_preset=&#8220;default&#8220; header_level=&#8220;h2&#8243; header_font=&#8220;||||||||&#8220; header_text_color=&#8220;#3E1914&#8243; header_font_size=&#8220;47px&#8220; custom_padding=&#8220;||26px|||&#8220; global_colors_info=&#8220;{}&#8220;][\/dsm_text_divider][\/et_pb_column][\/et_pb_row][et_pb_row column_structure=&#8220;1_5,3_5,1_5&#8243; admin_label=&#8220;Zeile&#8220; _builder_version=&#8220;4.16&#8243; _module_preset=&#8220;default&#8220; min_height=&#8220;121px&#8220; custom_padding=&#8220;1px|||||&#8220; global_colors_info=&#8220;{}&#8220;][et_pb_column type=&#8220;1_5&#8243; admin_label=&#8220;Spalte&#8220; _builder_version=&#8220;4.16&#8243; _module_preset=&#8220;default&#8220; global_colors_info=&#8220;{}&#8220;][\/et_pb_column][et_pb_column type=&#8220;3_5&#8243; admin_label=&#8220;Spalte&#8220; _builder_version=&#8220;4.16&#8243; _module_preset=&#8220;default&#8220; global_colors_info=&#8220;{}&#8220;][et_pb_text _builder_version=&#8220;4.17.4&#8243; _module_preset=&#8220;default&#8220; text_font=&#8220;||||||||&#8220; text_text_color=&#8220;#3E1914&#8243; text_font_size=&#8220;18px&#8220; global_colors_info=&#8220;{}&#8220;]<\/p>\n<p style=\"text-align: center;\">Sollten Sie Fragen zu Terminen, Programmen oder \u00c4hnlichem haben, wenden Sie sich gerne an <a href=\"mailto:konstantin.krimmel@gmail.com\">mich<\/a> oder direkt an meine Agentur K\u00fcnstlerSekretariat am Gasteig.<\/p>\n<p>[\/et_pb_text][\/et_pb_column][et_pb_column type=&#8220;1_5&#8243; admin_label=&#8220;Spalte&#8220; _builder_version=&#8220;4.16&#8243; _module_preset=&#8220;default&#8220; global_colors_info=&#8220;{}&#8220;][\/et_pb_column][\/et_pb_row][\/et_pb_section][et_pb_section fb_built=&#8220;1&#8243; _builder_version=&#8220;4.16&#8243; _module_preset=&#8220;default&#8220; custom_margin=&#8220;-37px|||||&#8220; global_colors_info=&#8220;{}&#8220;][et_pb_row column_structure=&#8220;1_3,1_3,1_3&#8243; _builder_version=&#8220;4.16&#8243; _module_preset=&#8220;default&#8220; global_colors_info=&#8220;{}&#8220;][et_pb_column type=&#8220;1_3&#8243; _builder_version=&#8220;4.16&#8243; _module_preset=&#8220;default&#8220; global_colors_info=&#8220;{}&#8220;][et_pb_image src=&#8220;https:\/\/konstantinkrimmel.com\/wp-content\/uploads\/2024\/07\/KSGmitTextNunito_sans_55x100_cmyk_schwarz-rot.jpg&#8220; title_text=&#8220;KSGmitTextNunito_sans_55x100_cmyk_schwarz-rot&#8220; _builder_version=&#8220;4.26.0&#8243; _module_preset=&#8220;default&#8220; hover_enabled=&#8220;0&#8243; global_colors_info=&#8220;{}&#8220; sticky_enabled=&#8220;0&#8243; width=&#8220;67%&#8220; module_alignment=&#8220;center&#8220;][\/et_pb_image][\/et_pb_column][et_pb_column type=&#8220;1_3&#8243; _builder_version=&#8220;4.16&#8243; _module_preset=&#8220;default&#8220; global_colors_info=&#8220;{}&#8220;][et_pb_text _builder_version=&#8220;4.26.0&#8243; _module_preset=&#8220;default&#8220; text_font=&#8220;||||||||&#8220; text_text_color=&#8220;#3E1914&#8243; text_font_size=&#8220;18px&#8220; hover_enabled=&#8220;0&#8243; global_colors_info=&#8220;{}&#8220; sticky_enabled=&#8220;0&#8243;]<\/p>\n<p>Im Generalmanagement vertreten durch:<\/p>\n<p>&nbsp;<\/p>\n<p><span><b>K\u00fcnstlerSekretariat am Gasteig oHG<\/b><\/span><\/p>\n<p><span>Montgelasstra\u00dfe 2<\/span><\/p>\n<p><span>81679 M\u00fcnchen<\/span><\/p>\n<p>&nbsp;<\/p>\n<p><a href=\"http:\/\/www.ks-gasteig.de\/\" target=\"_blank\" title=\"www.ks-gasteig.de\" rel=\"noopener\"><span>www.ks-gasteig.de<\/span><\/a><\/p>\n<p>[\/et_pb_text][\/et_pb_column][et_pb_column type=&#8220;1_3&#8243; _builder_version=&#8220;4.16&#8243; _module_preset=&#8220;default&#8220; global_colors_info=&#8220;{}&#8220;][et_pb_text _builder_version=&#8220;4.17.4&#8243; _module_preset=&#8220;default&#8220; text_font=&#8220;||||||||&#8220; text_text_color=&#8220;#3E1914&#8243; text_font_size=&#8220;18px&#8220; global_colors_info=&#8220;{}&#8220;]<\/p>\n<p><strong><span>Director<\/span><\/strong><\/p>\n<p><span>Elisabeth Ehlers<\/span><\/p>\n<p><a href=\"mailto:elisabeth.ehlers@ks-gasteig.de\" title=\"elisabeth.ehlers@ks-gasteig.de\" class=\"\"><span>elisabeth.ehlers@ks-gasteig.de<\/span><\/a><\/p>\n<p><span>+49 89 44488790<\/span><\/p>\n<p>[\/et_pb_text][et_pb_text _builder_version=&#8220;4.26.0&#8243; _module_preset=&#8220;default&#8220; text_font=&#8220;||||||||&#8220; text_text_color=&#8220;#3E1914&#8243; text_font_size=&#8220;18px&#8220; hover_enabled=&#8220;0&#8243; global_colors_info=&#8220;{}&#8220; sticky_enabled=&#8220;0&#8243;]<\/p>\n<p><strong><\/strong><\/p>\n<p><strong>Assistant Artist Manager<\/strong><\/p>\n<p><span>Sophie Kurzbauer<\/span><\/p>\n<p><a href=\"mailto:sophie.kurzbauer@ks-gasteig.de\">sophie.kurzbauer@ks-gasteig.de<\/a><\/p>\n<p><span>+49 89 444887910<\/span><\/p>\n<p>[\/et_pb_text][\/et_pb_column][\/et_pb_row][\/et_pb_section]<\/p>\n","protected":false},"excerpt":{"rendered":"<p>Konstantin Krimmel<div class=\"et_pb_module dsm_text_divider dsm_text_divider_0\">\n\t\t\t\t\n\t\t\t\t\n\t\t\t\t\n\t\t\t\t\n\t\t\t\t\n\t\t\t\t\n\t\t\t\t<div class=\"et_pb_module_inner\">\n\t\t\t\t\t<div class=\"dsm-text-divider-wrapper dsm-text-divider-align-center et_pb_bg_layout_light\">\n\t\t\t\t\n\t\t\t\t\n\t\t\t\t<div class=\"dsm-text-divider-before dsm-divider\"><\/div>\n\t\t\t\t<h2 class=\"dsm-text-divider-header et_pb_module_header\"><span>Contact<\/span><\/h2>\n\t\t\t\t<div class=\"dsm-text-divider-after dsm-divider\"><\/div>\n\t\t\t<\/div>\n\t\t\t\t<\/div>\n\t\t\t<\/div>Sollten Sie Fragen zu Terminen, Programmen oder \u00c4hnlichem haben, wenden Sie sich gerne an mich oder direkt an meine Agentur K\u00fcnstlerSekretariat am Gasteig.Im Generalmanagement vertreten durch: &nbsp; K\u00fcnstlerSekretariat am Gasteig oHG Montgelasstra\u00dfe 2 81679 M\u00fcnchen &nbsp; www.ks-gasteig.deDirector Elisabeth Ehlers elisabeth.ehlers@ks-gasteig.de +49 89 44488790 Assistant Artist Manager Sophie Kurzbauer sophie.kurzbauer@ks-gasteig.de +49 89 444887910<\/p>","protected":false},"author":1,"featured_media":0,"parent":0,"menu_order":0,"comment_status":"closed","ping_status":"closed","template":"","meta":{"_et_pb_use_builder":"on","_et_pb_old_content":"","_et_gb_content_width":"","footnotes":""},"class_list":["post-131","page","type-page","status-publish","hentry"],"yoast_head":"<!-- This site is optimized with the Yoast SEO plugin v27.1.1 - https:\/\/yoast.com\/product\/yoast-seo-wordpress\/ -->\n<title>Kontakt - Konstantin Krimmel<\/title>\n<meta name=\"description\" content=\"Konstantin Krimmel: Krimmel ist Bariton, Opern- und Lieds\u00e4nger und aktuell Mitglied der Bayrischen Staatsoper. Kontakt und Agentur.\" \/>\n<meta name=\"robots\" content=\"index, follow, max-snippet:-1, max-image-preview:large, max-video-preview:-1\" \/>\n<link rel=\"canonical\" href=\"https:\/\/konstantinkrimmel.com\/en\/kontakt\/\" \/>\n<meta property=\"og:locale\" content=\"en_GB\" \/>\n<meta property=\"og:type\" content=\"article\" \/>\n<meta property=\"og:title\" content=\"Kontakt - Konstantin Krimmel\" \/>\n<meta property=\"og:description\" content=\"Konstantin Krimmel: Krimmel ist Bariton, Opern- und Lieds\u00e4nger und aktuell Mitglied der Bayrischen Staatsoper. Kontakt und Agentur.\" \/>\n<meta property=\"og:url\" content=\"https:\/\/konstantinkrimmel.com\/en\/kontakt\/\" \/>\n<meta property=\"og:site_name\" content=\"Konstantin Krimmel\" \/>\n<meta property=\"article:modified_time\" content=\"2024-07-07T15:34:14+00:00\" \/>\n<meta name=\"twitter:card\" content=\"summary_large_image\" \/>\n<meta name=\"twitter:label1\" content=\"Estimated reading time\" \/>\n\t<meta name=\"twitter:data1\" content=\"1 minute\" \/>\n<script type=\"application\/ld+json\" class=\"yoast-schema-graph\">{\"@context\":\"https:\/\/schema.org\",\"@graph\":[{\"@type\":\"WebPage\",\"@id\":\"https:\/\/konstantinkrimmel.com\/kontakt\/\",\"url\":\"https:\/\/konstantinkrimmel.com\/kontakt\/\",\"name\":\"Kontakt - Konstantin Krimmel\",\"isPartOf\":{\"@id\":\"https:\/\/konstantinkrimmel.com\/#website\"},\"datePublished\":\"2021-08-16T13:01:44+00:00\",\"dateModified\":\"2024-07-07T15:34:14+00:00\",\"description\":\"Konstantin Krimmel: Krimmel ist Bariton, Opern- und Lieds\u00e4nger und aktuell Mitglied der Bayrischen Staatsoper. Kontakt und Agentur.\",\"breadcrumb\":{\"@id\":\"https:\/\/konstantinkrimmel.com\/kontakt\/#breadcrumb\"},\"inLanguage\":\"en-GB\",\"potentialAction\":[{\"@type\":\"ReadAction\",\"target\":[\"https:\/\/konstantinkrimmel.com\/kontakt\/\"]}]},{\"@type\":\"BreadcrumbList\",\"@id\":\"https:\/\/konstantinkrimmel.com\/kontakt\/#breadcrumb\",\"itemListElement\":[{\"@type\":\"ListItem\",\"position\":1,\"name\":\"Startseite\",\"item\":\"https:\/\/konstantinkrimmel.com\/\"},{\"@type\":\"ListItem\",\"position\":2,\"name\":\"Kontakt\"}]},{\"@type\":\"WebSite\",\"@id\":\"https:\/\/konstantinkrimmel.com\/#website\",\"url\":\"https:\/\/konstantinkrimmel.com\/\",\"name\":\"Konstantin Krimmel\",\"description\":\"Opera Singer | Bariton\",\"potentialAction\":[{\"@type\":\"SearchAction\",\"target\":{\"@type\":\"EntryPoint\",\"urlTemplate\":\"https:\/\/konstantinkrimmel.com\/?s={search_term_string}\"},\"query-input\":{\"@type\":\"PropertyValueSpecification\",\"valueRequired\":true,\"valueName\":\"search_term_string\"}}],\"inLanguage\":\"en-GB\"}]}<\/script>\n<!-- \/ Yoast SEO plugin. -->","yoast_head_json":{"title":"Kontakt - Konstantin Krimmel","description":"Konstantin Krimmel: Krimmel ist Bariton, Opern- und Lieds\u00e4nger und aktuell Mitglied der Bayrischen Staatsoper. Kontakt und Agentur.","robots":{"index":"index","follow":"follow","max-snippet":"max-snippet:-1","max-image-preview":"max-image-preview:large","max-video-preview":"max-video-preview:-1"},"canonical":"https:\/\/konstantinkrimmel.com\/en\/kontakt\/","og_locale":"en_GB","og_type":"article","og_title":"Kontakt - Konstantin Krimmel","og_description":"Konstantin Krimmel: Krimmel ist Bariton, Opern- und Lieds\u00e4nger und aktuell Mitglied der Bayrischen Staatsoper. Kontakt und Agentur.","og_url":"https:\/\/konstantinkrimmel.com\/en\/kontakt\/","og_site_name":"Konstantin Krimmel","article_modified_time":"2024-07-07T15:34:14+00:00","twitter_card":"summary_large_image","twitter_misc":{"Estimated reading time":"1 minute"},"schema":{"@context":"https:\/\/schema.org","@graph":[{"@type":"WebPage","@id":"https:\/\/konstantinkrimmel.com\/kontakt\/","url":"https:\/\/konstantinkrimmel.com\/kontakt\/","name":"Kontakt - Konstantin Krimmel","isPartOf":{"@id":"https:\/\/konstantinkrimmel.com\/#website"},"datePublished":"2021-08-16T13:01:44+00:00","dateModified":"2024-07-07T15:34:14+00:00","description":"Konstantin Krimmel: Krimmel ist Bariton, Opern- und Lieds\u00e4nger und aktuell Mitglied der Bayrischen Staatsoper. Kontakt und Agentur.","breadcrumb":{"@id":"https:\/\/konstantinkrimmel.com\/kontakt\/#breadcrumb"},"inLanguage":"en-GB","potentialAction":[{"@type":"ReadAction","target":["https:\/\/konstantinkrimmel.com\/kontakt\/"]}]},{"@type":"BreadcrumbList","@id":"https:\/\/konstantinkrimmel.com\/kontakt\/#breadcrumb","itemListElement":[{"@type":"ListItem","position":1,"name":"Startseite","item":"https:\/\/konstantinkrimmel.com\/"},{"@type":"ListItem","position":2,"name":"Kontakt"}]},{"@type":"WebSite","@id":"https:\/\/konstantinkrimmel.com\/#website","url":"https:\/\/konstantinkrimmel.com\/","name":"Konstantin Krimmel","description":"Opera Singer | Bariton","potentialAction":[{"@type":"SearchAction","target":{"@type":"EntryPoint","urlTemplate":"https:\/\/konstantinkrimmel.com\/?s={search_term_string}"},"query-input":{"@type":"PropertyValueSpecification","valueRequired":true,"valueName":"search_term_string"}}],"inLanguage":"en-GB"}]}},"_links":{"self":[{"href":"https:\/\/konstantinkrimmel.com\/en\/wp-json\/wp\/v2\/pages\/131","targetHints":{"allow":["GET"]}}],"collection":[{"href":"https:\/\/konstantinkrimmel.com\/en\/wp-json\/wp\/v2\/pages"}],"about":[{"href":"https:\/\/konstantinkrimmel.com\/en\/wp-json\/wp\/v2\/types\/page"}],"author":[{"embeddable":true,"href":"https:\/\/konstantinkrimmel.com\/en\/wp-json\/wp\/v2\/users\/1"}],"replies":[{"embeddable":true,"href":"https:\/\/konstantinkrimmel.com\/en\/wp-json\/wp\/v2\/comments?post=131"}],"version-history":[{"count":0,"href":"https:\/\/konstantinkrimmel.com\/en\/wp-json\/wp\/v2\/pages\/131\/revisions"}],"wp:attachment":[{"href":"https:\/\/konstantinkrimmel.com\/en\/wp-json\/wp\/v2\/media?parent=131"}],"curies":[{"name":"wp","href":"https:\/\/api.w.org\/{rel}","templated":true}]}}