{"id":114,"date":"2021-08-16T11:03:14","date_gmt":"2021-08-16T11:03:14","guid":{"rendered":"https:\/\/konstantinkrimmel.com\/?page_id=114"},"modified":"2021-09-07T11:29:18","modified_gmt":"2021-09-07T11:29:18","slug":"liedprogramme","status":"publish","type":"page","link":"https:\/\/konstantinkrimmel.com\/en\/liedprogramme\/","title":{"rendered":"Lied programmes"},"content":{"rendered":"<p>[et_pb_section fb_built=&#8220;1&#8243; fullwidth=&#8220;on&#8220; _builder_version=&#8220;4.9.10&#8243; _module_preset=&#8220;default&#8220; global_colors_info=&#8220;{}&#8220;][et_pb_fullwidth_header _builder_version=&#8220;4.9.10&#8243; _module_preset=&#8220;default&#8220; title_font=&#8220;Bodoni Moda||||||||&#8220; title_text_align=&#8220;center&#8220; title_font_size=&#8220;64px&#8220; title_line_height=&#8220;3em&#8220; background_enable_color=&#8220;off&#8220; background_image=&#8220;https:\/\/konstantinkrimmel.com\/wp-content\/uploads\/2021\/08\/Portrait-3-scaled.jpg&#8220; parallax=&#8220;on&#8220; height=&#8220;638px&#8220; global_colors_info=&#8220;{}&#8220;][\/et_pb_fullwidth_header][\/et_pb_section][et_pb_section fb_built=&#8220;1&#8243; _builder_version=&#8220;4.9.10&#8243; _module_preset=&#8220;default&#8220; background_enable_color=&#8220;off&#8220; global_colors_info=&#8220;{}&#8220;][et_pb_row _builder_version=&#8220;4.9.10&#8243; _module_preset=&#8220;default&#8220; global_colors_info=&#8220;{}&#8220;][et_pb_column type=&#8220;4_4&#8243; _builder_version=&#8220;4.9.10&#8243; _module_preset=&#8220;default&#8220; global_colors_info=&#8220;{}&#8220;][et_pb_text _builder_version=&#8220;4.9.10&#8243; _module_preset=&#8220;default&#8220; header_font=&#8220;Bodoni Moda||||||||&#8220; header_text_align=&#8220;center&#8220; header_text_color=&#8220;#3E1914&#8243; header_font_size=&#8220;59px&#8220; global_colors_info=&#8220;{}&#8220;]<\/p>\n<h1>Konstantin Krimmel<\/h1>\n<p>[\/et_pb_text][dsm_text_divider header=&#8220;Liedprogramme&#8220; color=&#8220;#A41A2B&#8220; _builder_version=&#8220;4.10.3&#8243; _module_preset=&#8220;default&#8220; header_level=&#8220;h2&#8243; header_font=&#8220;Bodoni Moda||||||||&#8220; header_text_color=&#8220;#3E1914&#8243; header_font_size=&#8220;47px&#8220; hover_enabled=&#8220;0&#8243; global_colors_info=&#8220;{}&#8220; header_font_size_last_edited=&#8220;on|phone&#8220; header_font_size_phone=&#8220;37px&#8220; sticky_enabled=&#8220;0&#8243;][\/dsm_text_divider][\/et_pb_column][\/et_pb_row][\/et_pb_section][et_pb_section fb_built=&#8220;1&#8243; _builder_version=&#8220;4.9.10&#8243; _module_preset=&#8220;default&#8220; custom_margin=&#8220;-37px|||||&#8220; global_colors_info=&#8220;{}&#8220;][et_pb_row _builder_version=&#8220;4.9.10&#8243; _module_preset=&#8220;default&#8220; global_colors_info=&#8220;{}&#8220;][et_pb_column type=&#8220;4_4&#8243; _builder_version=&#8220;4.9.10&#8243; _module_preset=&#8220;default&#8220; global_colors_info=&#8220;{}&#8220;][dsm_text_divider header=&#8220;Programme mit Pause&#8220; color=&#8220;#A41A2B&#8220; _builder_version=&#8220;4.10.3&#8243; _module_preset=&#8220;default&#8220; header_font=&#8220;Bodoni Moda||||||||&#8220; header_text_color=&#8220;#3E1914&#8243; header_font_size=&#8220;30px&#8220; link_option_url_new_window=&#8220;on&#8220; hover_enabled=&#8220;0&#8243; global_colors_info=&#8220;{}&#8220; header_line_height=&#8220;1.1em&#8220; header_text_align_last_edited=&#8220;on|phone&#8220; header_text_align_phone=&#8220;center&#8220; sticky_enabled=&#8220;0&#8243;][\/dsm_text_divider][et_pb_text _builder_version=&#8220;4.9.11&#8243; _module_preset=&#8220;default&#8220; text_font=&#8220;Bodoni Moda||on||||||&#8220; text_text_color=&#8220;#3E1914&#8243; text_font_size=&#8220;18px&#8220; text_orientation=&#8220;center&#8220; global_colors_info=&#8220;{}&#8220;]<\/p>\n<p>ca. 90 &#8211; 100 Minuten<\/p>\n<p>[\/et_pb_text][\/et_pb_column][\/et_pb_row][et_pb_row column_structure=&#8220;1_2,1_2&#8243; _builder_version=&#8220;4.9.11&#8243; _module_preset=&#8220;default&#8220; global_colors_info=&#8220;{}&#8220;][et_pb_column type=&#8220;1_2&#8243; _builder_version=&#8220;4.9.11&#8243; _module_preset=&#8220;default&#8220; global_colors_info=&#8220;{}&#8220;][et_pb_text _builder_version=&#8220;4.9.11&#8243; _module_preset=&#8220;default&#8220; text_font=&#8220;Arimo||||||||&#8220; text_text_color=&#8220;#3E1914&#8243; text_font_size=&#8220;18px&#8220; global_colors_info=&#8220;{}&#8220;]<\/p>\n<div class=\"cc-m-download-title\" style=\"text-align: center;\">M\u00e4rchen und Erz\u00e4hlungen<\/div>\n<p>[\/et_pb_text][et_pb_button button_url=&#8220;https:\/\/konstantinkrimmel.com\/wp-content\/uploads\/2021\/08\/Darf-Ich-Ihnen-eine-Geschichte-erzaehlen.pdf&#8220; url_new_window=&#8220;on&#8220; button_text=&#8220;Programm&#8220; button_alignment=&#8220;center&#8220; _builder_version=&#8220;4.9.11&#8243; _module_preset=&#8220;default&#8220; custom_button=&#8220;on&#8220; button_text_size=&#8220;17px&#8220; button_text_color=&#8220;#3E1914&#8243; button_border_width=&#8220;1px&#8220; button_border_radius=&#8220;2px&#8220; button_font=&#8220;Arimo||||||||&#8220; saved_tabs=&#8220;all&#8220; global_colors_info=&#8220;{}&#8220; button_text_color__hover_enabled=&#8220;on|hover&#8220; button_text_color__hover=&#8220;#A41A2B&#8220;][\/et_pb_button][\/et_pb_column][et_pb_column type=&#8220;1_2&#8243; _builder_version=&#8220;4.9.11&#8243; _module_preset=&#8220;default&#8220; global_colors_info=&#8220;{}&#8220;][et_pb_text _builder_version=&#8220;4.9.11&#8243; _module_preset=&#8220;default&#8220; text_font=&#8220;Arimo||||||||&#8220; text_text_color=&#8220;#3E1914&#8243; text_font_size=&#8220;18px&#8220; text_orientation=&#8220;center&#8220; global_colors_info=&#8220;{}&#8220;]<\/p>\n<p>Schubert und Schiller<\/p>\n<p>[\/et_pb_text][et_pb_button button_url=&#8220;https:\/\/konstantinkrimmel.com\/wp-content\/uploads\/2021\/08\/Schiller-Schubert.-Programm.pdf&#8220; button_text=&#8220;Programm&#8220; button_alignment=&#8220;center&#8220; _builder_version=&#8220;4.9.11&#8243; _module_preset=&#8220;default&#8220; custom_button=&#8220;on&#8220; button_text_size=&#8220;17px&#8220; button_text_color=&#8220;#3E1914&#8243; button_border_width=&#8220;1px&#8220; button_border_radius=&#8220;2px&#8220; button_font=&#8220;Arimo||||||||&#8220; saved_tabs=&#8220;all&#8220; global_colors_info=&#8220;{}&#8220; button_text_color__hover_enabled=&#8220;on|hover&#8220; button_text_color__hover=&#8220;#A41A2B&#8220;][\/et_pb_button][\/et_pb_column][\/et_pb_row][et_pb_row _builder_version=&#8220;4.9.11&#8243; _module_preset=&#8220;default&#8220; global_colors_info=&#8220;{}&#8220; custom_padding=&#8220;10px|||||&#8220;][et_pb_column type=&#8220;4_4&#8243; _builder_version=&#8220;4.9.11&#8243; _module_preset=&#8220;default&#8220; global_colors_info=&#8220;{}&#8220;][et_pb_text _builder_version=&#8220;4.9.11&#8243; _module_preset=&#8220;default&#8220; text_font=&#8220;Arimo||||||||&#8220; text_text_color=&#8220;#3E1914&#8243; text_font_size=&#8220;18px&#8220; text_orientation=&#8220;center&#8220; global_colors_info=&#8220;{}&#8220;]<\/p>\n<p><span>Das Romantische Lied<\/span><\/p>\n<p>[\/et_pb_text][et_pb_button button_url=&#8220;https:\/\/konstantinkrimmel.com\/wp-content\/uploads\/2021\/08\/Schumann-Williams-Mandyczewski-Brahm.pdf&#8220; button_text=&#8220;Programm&#8220; button_alignment=&#8220;center&#8220; _builder_version=&#8220;4.9.11&#8243; _module_preset=&#8220;default&#8220; custom_button=&#8220;on&#8220; button_text_size=&#8220;17px&#8220; button_text_color=&#8220;#3E1914&#8243; button_border_width=&#8220;1px&#8220; button_border_radius=&#8220;2px&#8220; button_font=&#8220;Arimo||||||||&#8220; saved_tabs=&#8220;all&#8220; global_colors_info=&#8220;{}&#8220; button_text_color__hover_enabled=&#8220;on|hover&#8220; button_text_color__hover=&#8220;#A41A2B&#8220;][\/et_pb_button][et_pb_divider show_divider=&#8220;off&#8220; _builder_version=&#8220;4.9.11&#8243; _module_preset=&#8220;default&#8220; global_colors_info=&#8220;{}&#8220;][\/et_pb_divider][\/et_pb_column][\/et_pb_row][et_pb_row _builder_version=&#8220;4.9.11&#8243; _module_preset=&#8220;default&#8220; global_colors_info=&#8220;{}&#8220;][et_pb_column type=&#8220;4_4&#8243; _builder_version=&#8220;4.9.11&#8243; _module_preset=&#8220;default&#8220; global_colors_info=&#8220;{}&#8220;][dsm_text_divider header=&#8220;Programme ohne Pause&#8220; color=&#8220;#A41A2B&#8220; _builder_version=&#8220;4.10.3&#8243; _module_preset=&#8220;default&#8220; header_font=&#8220;Bodoni Moda||||||||&#8220; header_text_color=&#8220;#3E1914&#8243; header_font_size=&#8220;30px&#8220; link_option_url_new_window=&#8220;on&#8220; hover_enabled=&#8220;0&#8243; global_colors_info=&#8220;{}&#8220; header_line_height=&#8220;1.1em&#8220; header_text_align_last_edited=&#8220;on|phone&#8220; header_text_align_phone=&#8220;center&#8220; sticky_enabled=&#8220;0&#8243;][\/dsm_text_divider][et_pb_text _builder_version=&#8220;4.9.11&#8243; _module_preset=&#8220;default&#8220; text_font=&#8220;Bodoni Moda||on||||||&#8220; text_text_color=&#8220;#3E1914&#8243; text_font_size=&#8220;18px&#8220; text_orientation=&#8220;center&#8220; global_colors_info=&#8220;{}&#8220;]<\/p>\n<p>ca. 60 &#8211; 75 Minuten<\/p>\n<p>[\/et_pb_text][\/et_pb_column][\/et_pb_row][et_pb_row column_structure=&#8220;1_2,1_2&#8243; _builder_version=&#8220;4.9.11&#8243; _module_preset=&#8220;default&#8220; global_colors_info=&#8220;{}&#8220;][et_pb_column type=&#8220;1_2&#8243; _builder_version=&#8220;4.9.11&#8243; _module_preset=&#8220;default&#8220; global_colors_info=&#8220;{}&#8220;][et_pb_text _builder_version=&#8220;4.9.11&#8243; _module_preset=&#8220;default&#8220; text_font=&#8220;Arimo||||||||&#8220; text_text_color=&#8220;#3E1914&#8243; text_font_size=&#8220;18px&#8220; global_colors_info=&#8220;{}&#8220;]<\/p>\n<div class=\"cc-m-download-title\" style=\"text-align: center;\"><span>Gro\u00dfe Geschichten<\/span><\/div>\n<p>[\/et_pb_text][et_pb_button button_url=&#8220;https:\/\/konstantinkrimmel.com\/wp-content\/uploads\/2021\/08\/Programm-Grosse-Geschichten-.pdf&#8220; url_new_window=&#8220;on&#8220; button_text=&#8220;Programm&#8220; button_alignment=&#8220;center&#8220; _builder_version=&#8220;4.9.11&#8243; _module_preset=&#8220;default&#8220; custom_button=&#8220;on&#8220; button_text_size=&#8220;17px&#8220; button_text_color=&#8220;#3E1914&#8243; button_border_width=&#8220;1px&#8220; button_border_radius=&#8220;2px&#8220; button_font=&#8220;Arimo||||||||&#8220; saved_tabs=&#8220;all&#8220; global_colors_info=&#8220;{}&#8220; button_text_color__hover_enabled=&#8220;on|hover&#8220; button_text_color__hover=&#8220;#A41A2B&#8220;][\/et_pb_button][\/et_pb_column][et_pb_column type=&#8220;1_2&#8243; _builder_version=&#8220;4.9.11&#8243; _module_preset=&#8220;default&#8220; global_colors_info=&#8220;{}&#8220;][et_pb_text _builder_version=&#8220;4.9.11&#8243; _module_preset=&#8220;default&#8220; text_font=&#8220;Arimo||||||||&#8220; text_text_color=&#8220;#3E1914&#8243; text_font_size=&#8220;18px&#8220; text_orientation=&#8220;center&#8220; global_colors_info=&#8220;{}&#8220;]<\/p>\n<p><span>Beethoven &#8211; Schubert &#8211; Williams &#8211; Liszt<\/span><\/p>\n<p>[\/et_pb_text][et_pb_button button_url=&#8220;https:\/\/konstantinkrimmel.com\/wp-content\/uploads\/2021\/08\/Beethoven-Schubert-Williams-Liszt.pdf&#8220; button_text=&#8220;Programm&#8220; button_alignment=&#8220;center&#8220; _builder_version=&#8220;4.9.11&#8243; _module_preset=&#8220;default&#8220; custom_button=&#8220;on&#8220; button_text_size=&#8220;17px&#8220; button_text_color=&#8220;#3E1914&#8243; button_border_width=&#8220;1px&#8220; button_border_radius=&#8220;2px&#8220; button_font=&#8220;Arimo||||||||&#8220; saved_tabs=&#8220;all&#8220; global_colors_info=&#8220;{}&#8220; button_text_color__hover_enabled=&#8220;on|hover&#8220; button_text_color__hover=&#8220;#A41A2B&#8220;][\/et_pb_button][\/et_pb_column][\/et_pb_row][et_pb_row _builder_version=&#8220;4.9.11&#8243; _module_preset=&#8220;default&#8220; global_colors_info=&#8220;{}&#8220;][et_pb_column type=&#8220;4_4&#8243; _builder_version=&#8220;4.9.11&#8243; _module_preset=&#8220;default&#8220; global_colors_info=&#8220;{}&#8220;][et_pb_divider show_divider=&#8220;off&#8220; _builder_version=&#8220;4.9.11&#8243; _module_preset=&#8220;default&#8220; global_colors_info=&#8220;{}&#8220;][\/et_pb_divider][et_pb_text _builder_version=&#8220;4.9.11&#8243; _module_preset=&#8220;default&#8220; text_font=&#8220;Bodoni Moda||on||||||&#8220; text_text_color=&#8220;#3E1914&#8243; text_font_size=&#8220;20px&#8220; text_orientation=&#8220;center&#8220; global_colors_info=&#8220;{}&#8220;]<\/p>\n<p><a href=\"mailto:info@konstantinkrimmel.com\">Weitere Programm gerne auf Anfrage.<\/a><\/p>\n<p>[\/et_pb_text][\/et_pb_column][\/et_pb_row][\/et_pb_section]<\/p>\n","protected":false},"excerpt":{"rendered":"<p>Konstantin Krimmel<div class=\"et_pb_module dsm_text_divider dsm_text_divider_0\">\n\t\t\t\t\n\t\t\t\t\n\t\t\t\t\n\t\t\t\t\n\t\t\t\t\n\t\t\t\t\n\t\t\t\t<div class=\"et_pb_module_inner\">\n\t\t\t\t\t<div class=\"dsm-text-divider-wrapper dsm-text-divider-align-center et_pb_bg_layout_light\">\n\t\t\t\t\n\t\t\t\t\n\t\t\t\t<div class=\"dsm-text-divider-before dsm-divider\"><\/div>\n\t\t\t\t<h2 class=\"dsm-text-divider-header et_pb_module_header\"><span>Lied programmes<\/span><\/h2>\n\t\t\t\t<div class=\"dsm-text-divider-after dsm-divider\"><\/div>\n\t\t\t<\/div>\n\t\t\t\t<\/div>\n\t\t\t<\/div><div class=\"et_pb_module dsm_text_divider dsm_text_divider_1\">\n\t\t\t\t\n\t\t\t\t\n\t\t\t\t\n\t\t\t\t\n\t\t\t\t\n\t\t\t\t\n\t\t\t\t<div class=\"et_pb_module_inner\">\n\t\t\t\t\t<div class=\"dsm-text-divider-wrapper dsm-text-divider-align-center et_pb_bg_layout_light\">\n\t\t\t\t\n\t\t\t\t\n\t\t\t\t<div class=\"dsm-text-divider-before dsm-divider\"><\/div>\n\t\t\t\t<h3 class=\"dsm-text-divider-header et_pb_module_header\"><span>Programmes with pause<\/span><\/h3>\n\t\t\t\t<div class=\"dsm-text-divider-after dsm-divider\"><\/div>\n\t\t\t<\/div>\n\t\t\t\t<\/div>\n\t\t\t<\/div>ca. 90 &#8211; 100 MinutenM\u00e4rchen und Erz\u00e4hlungenSchubert und SchillerDas Romantische Lied<div class=\"et_pb_module dsm_text_divider dsm_text_divider_2\">\n\t\t\t\t\n\t\t\t\t\n\t\t\t\t\n\t\t\t\t\n\t\t\t\t\n\t\t\t\t\n\t\t\t\t<div class=\"et_pb_module_inner\">\n\t\t\t\t\t<div class=\"dsm-text-divider-wrapper dsm-text-divider-align-center et_pb_bg_layout_light\">\n\t\t\t\t\n\t\t\t\t\n\t\t\t\t<div class=\"dsm-text-divider-before dsm-divider\"><\/div>\n\t\t\t\t<h3 class=\"dsm-text-divider-header et_pb_module_header\"><span>Programmes without pause<\/span><\/h3>\n\t\t\t\t<div class=\"dsm-text-divider-after dsm-divider\"><\/div>\n\t\t\t<\/div>\n\t\t\t\t<\/div>\n\t\t\t<\/div>ca. 60 &#8211; 75 MinutenGro\u00dfe GeschichtenBeethoven &#8211; Schubert &#8211; Williams &#8211; LisztWeitere Programm gerne auf Anfrage.<\/p>","protected":false},"author":1,"featured_media":0,"parent":0,"menu_order":0,"comment_status":"closed","ping_status":"closed","template":"","meta":{"_et_pb_use_builder":"on","_et_pb_old_content":"","_et_gb_content_width":"","footnotes":""},"class_list":["post-114","page","type-page","status-publish","hentry"],"yoast_head":"<!-- This site is optimized with the Yoast SEO plugin v27.3 - https:\/\/yoast.com\/product\/yoast-seo-wordpress\/ -->\n<title>Liedprogramme - Konstantin Krimmel<\/title>\n<meta name=\"robots\" content=\"index, follow, max-snippet:-1, max-image-preview:large, max-video-preview:-1\" \/>\n<link rel=\"canonical\" href=\"https:\/\/konstantinkrimmel.com\/en\/liedprogramme\/\" \/>\n<meta property=\"og:locale\" content=\"en_GB\" \/>\n<meta property=\"og:type\" content=\"article\" \/>\n<meta property=\"og:title\" content=\"Liedprogramme - Konstantin Krimmel\" \/>\n<meta property=\"og:description\" content=\"Konstantin Krimmelca. 90 - 100 MinutenM\u00e4rchen und Erz\u00e4hlungenSchubert und SchillerDas Romantische Liedca. 60 - 75 MinutenGro\u00dfe GeschichtenBeethoven - Schubert - Williams - LisztWeitere Programm gerne auf Anfrage.\" \/>\n<meta property=\"og:url\" content=\"https:\/\/konstantinkrimmel.com\/en\/liedprogramme\/\" \/>\n<meta property=\"og:site_name\" content=\"Konstantin Krimmel\" \/>\n<meta property=\"article:modified_time\" content=\"2021-09-07T11:29:18+00:00\" \/>\n<meta name=\"twitter:card\" content=\"summary_large_image\" \/>\n<meta name=\"twitter:label1\" content=\"Estimated reading time\" \/>\n\t<meta name=\"twitter:data1\" content=\"6 minutes\" \/>\n<script type=\"application\/ld+json\" class=\"yoast-schema-graph\">{\"@context\":\"https:\\\/\\\/schema.org\",\"@graph\":[{\"@type\":\"WebPage\",\"@id\":\"https:\\\/\\\/konstantinkrimmel.com\\\/en\\\/liedprogramme\\\/\",\"url\":\"https:\\\/\\\/konstantinkrimmel.com\\\/en\\\/liedprogramme\\\/\",\"name\":\"Liedprogramme - Konstantin Krimmel\",\"isPartOf\":{\"@id\":\"https:\\\/\\\/konstantinkrimmel.com\\\/#website\"},\"datePublished\":\"2021-08-16T11:03:14+00:00\",\"dateModified\":\"2021-09-07T11:29:18+00:00\",\"breadcrumb\":{\"@id\":\"https:\\\/\\\/konstantinkrimmel.com\\\/en\\\/liedprogramme\\\/#breadcrumb\"},\"inLanguage\":\"en-GB\",\"potentialAction\":[{\"@type\":\"ReadAction\",\"target\":[\"https:\\\/\\\/konstantinkrimmel.com\\\/en\\\/liedprogramme\\\/\"]}]},{\"@type\":\"BreadcrumbList\",\"@id\":\"https:\\\/\\\/konstantinkrimmel.com\\\/en\\\/liedprogramme\\\/#breadcrumb\",\"itemListElement\":[{\"@type\":\"ListItem\",\"position\":1,\"name\":\"Startseite\",\"item\":\"https:\\\/\\\/konstantinkrimmel.com\\\/\"},{\"@type\":\"ListItem\",\"position\":2,\"name\":\"Liedprogramme\"}]},{\"@type\":\"WebSite\",\"@id\":\"https:\\\/\\\/konstantinkrimmel.com\\\/#website\",\"url\":\"https:\\\/\\\/konstantinkrimmel.com\\\/\",\"name\":\"Konstantin Krimmel\",\"description\":\"Opera Singer | Bariton\",\"potentialAction\":[{\"@type\":\"SearchAction\",\"target\":{\"@type\":\"EntryPoint\",\"urlTemplate\":\"https:\\\/\\\/konstantinkrimmel.com\\\/?s={search_term_string}\"},\"query-input\":{\"@type\":\"PropertyValueSpecification\",\"valueRequired\":true,\"valueName\":\"search_term_string\"}}],\"inLanguage\":\"en-GB\"}]}<\/script>\n<!-- \/ Yoast SEO plugin. -->","yoast_head_json":{"title":"Liedprogramme - Konstantin Krimmel","robots":{"index":"index","follow":"follow","max-snippet":"max-snippet:-1","max-image-preview":"max-image-preview:large","max-video-preview":"max-video-preview:-1"},"canonical":"https:\/\/konstantinkrimmel.com\/en\/liedprogramme\/","og_locale":"en_GB","og_type":"article","og_title":"Liedprogramme - Konstantin Krimmel","og_description":"Konstantin Krimmelca. 90 - 100 MinutenM\u00e4rchen und Erz\u00e4hlungenSchubert und SchillerDas Romantische Liedca. 60 - 75 MinutenGro\u00dfe GeschichtenBeethoven - Schubert - Williams - LisztWeitere Programm gerne auf Anfrage.","og_url":"https:\/\/konstantinkrimmel.com\/en\/liedprogramme\/","og_site_name":"Konstantin Krimmel","article_modified_time":"2021-09-07T11:29:18+00:00","twitter_card":"summary_large_image","twitter_misc":{"Estimated reading time":"6 minutes"},"schema":{"@context":"https:\/\/schema.org","@graph":[{"@type":"WebPage","@id":"https:\/\/konstantinkrimmel.com\/en\/liedprogramme\/","url":"https:\/\/konstantinkrimmel.com\/en\/liedprogramme\/","name":"Liedprogramme - Konstantin Krimmel","isPartOf":{"@id":"https:\/\/konstantinkrimmel.com\/#website"},"datePublished":"2021-08-16T11:03:14+00:00","dateModified":"2021-09-07T11:29:18+00:00","breadcrumb":{"@id":"https:\/\/konstantinkrimmel.com\/en\/liedprogramme\/#breadcrumb"},"inLanguage":"en-GB","potentialAction":[{"@type":"ReadAction","target":["https:\/\/konstantinkrimmel.com\/en\/liedprogramme\/"]}]},{"@type":"BreadcrumbList","@id":"https:\/\/konstantinkrimmel.com\/en\/liedprogramme\/#breadcrumb","itemListElement":[{"@type":"ListItem","position":1,"name":"Startseite","item":"https:\/\/konstantinkrimmel.com\/"},{"@type":"ListItem","position":2,"name":"Liedprogramme"}]},{"@type":"WebSite","@id":"https:\/\/konstantinkrimmel.com\/#website","url":"https:\/\/konstantinkrimmel.com\/","name":"Konstantin Krimmel","description":"Opera Singer | Bariton","potentialAction":[{"@type":"SearchAction","target":{"@type":"EntryPoint","urlTemplate":"https:\/\/konstantinkrimmel.com\/?s={search_term_string}"},"query-input":{"@type":"PropertyValueSpecification","valueRequired":true,"valueName":"search_term_string"}}],"inLanguage":"en-GB"}]}},"_links":{"self":[{"href":"https:\/\/konstantinkrimmel.com\/en\/wp-json\/wp\/v2\/pages\/114","targetHints":{"allow":["GET"]}}],"collection":[{"href":"https:\/\/konstantinkrimmel.com\/en\/wp-json\/wp\/v2\/pages"}],"about":[{"href":"https:\/\/konstantinkrimmel.com\/en\/wp-json\/wp\/v2\/types\/page"}],"author":[{"embeddable":true,"href":"https:\/\/konstantinkrimmel.com\/en\/wp-json\/wp\/v2\/users\/1"}],"replies":[{"embeddable":true,"href":"https:\/\/konstantinkrimmel.com\/en\/wp-json\/wp\/v2\/comments?post=114"}],"version-history":[{"count":0,"href":"https:\/\/konstantinkrimmel.com\/en\/wp-json\/wp\/v2\/pages\/114\/revisions"}],"wp:attachment":[{"href":"https:\/\/konstantinkrimmel.com\/en\/wp-json\/wp\/v2\/media?parent=114"}],"curies":[{"name":"wp","href":"https:\/\/api.w.org\/{rel}","templated":true}]}}